{"id":126,"date":"2021-11-13T15:58:00","date_gmt":"2021-11-13T15:58:00","guid":{"rendered":"https:\/\/www.loteriaeltoro.com\/blog\/?page_id=126"},"modified":"2025-06-18T13:01:14","modified_gmt":"2025-06-18T11:01:14","slug":"quienes-somos","status":"publish","type":"page","link":"https:\/\/www.loteriaeltoro.com\/blog\/","title":{"rendered":"Blog de Loter\u00edas y Apuestas del Estado"},"content":{"rendered":"<figure class=\"wp-block-image size-large is-resized\"><img loading=\"lazy\" decoding=\"async\" width=\"600\" height=\"250\" src=\"https:\/\/www.loteriaeltoro.com\/blog\/wp-content\/uploads\/2023\/02\/logo2023-1.png\" alt=\"loteria el toro\" class=\"wp-image-592\" style=\"width:474px;height:198px\" srcset=\"https:\/\/www.loteriaeltoro.com\/blog\/wp-content\/uploads\/2023\/02\/logo2023-1.png 600w, https:\/\/www.loteriaeltoro.com\/blog\/wp-content\/uploads\/2023\/02\/logo2023-1-300x125.png 300w\" sizes=\"auto, (max-width: 600px) 100vw, 600px\" \/><\/figure>\n\n\n<p><\/p>\n\n\n\n<h1 class=\"wp-block-heading\"><strong>Bienvenido al blog de Loter\u00eda El Toro \u2013 Administraci\u00f3n de Loter\u00edas n\u00ba 39 de Val\u00e8ncia.<\/strong><\/h1>\n\n\n\n<p><\/p>\n\n\n\n<h2 class=\"wp-block-heading\">Quienes somos<\/h2>\n\n\n\n<p>Aqu\u00ed encontrar\u00e1s noticias, curiosidades y consejos para jugar a tus sorteos favoritos como La Primitiva, Euromillones, Bonoloto o Loter\u00eda Nacional. Somos punto de venta oficial de Loter\u00edas y Apuestas del Estado (Receptor 83535) desde 1981, con d\u00e9cadas de experiencia repartiendo suerte en el coraz\u00f3n de Val\u00e8ncia.Gestionamos directamente tus encargos, sin comisiones ni intermediarios, al precio oficial y con total garant\u00eda SELAE. \u00a1Tu pr\u00f3xima alegr\u00eda puede empezar aqu\u00ed!<\/p>\n\n\n\n<h2 class=\"wp-block-heading\">Nuestra historia<\/h2>\n\n\n\n<p>Toda la informaci\u00f3n de Loter\u00edas y Apuestas. Somos la <strong>tercera generaci\u00f3n de gestores de loter\u00edas y apuestas<\/strong>. Comenzamos en los a\u00f1os 40 del siglo pasado como empleados de administracion de loter\u00edas, creando en los a\u00f1os 60 un grupo de gesti\u00f3n de administraciones de loter\u00edas, desarrollando nuevas formas de gesti\u00f3n y comercializaci\u00f3n de los juegos de SELAE.<\/p>\n\n\n\n<p><strong>Desde el a\u00f1o 1981 somos punto de venta oficial de SELAE<\/strong>. Siempre a la cabeza en la inovaci\u00f3n de la gesti\u00f3n, en <strong>1996 somos pioneros en la creaci\u00f3n de una p\u00e1gina web<\/strong> de loter\u00edas y apuestas y la comercializaci\u00f3n de los juegos a traves de Internet.<\/p>\n\n\n\n<p>Nos encontrar\u00e1s sobre la V\u00eda Augusta a su paso por Val\u00e8ncia,&nbsp;tambi\u00e9n conocida como Cam\u00ed de Sant Vicent. Esta&nbsp;calzada un\u00eda a Val\u00e8ncia con Roma hace m\u00e1s de 2000 a\u00f1os.&nbsp;Hoy se nos conoce como&nbsp;<strong>Loter\u00eda el Toro<\/strong>.<\/p>\n\n\n<div class=\"wp-block-image\">\n<figure class=\"aligncenter size-large is-resized\"><a href=\"https:\/\/www.loteriaeltoro.com\/web\/general\/DescargaPWA.aspx\"><img loading=\"lazy\" decoding=\"async\" width=\"1024\" height=\"1024\" src=\"https:\/\/www.loteriaeltoro.com\/blog\/wp-content\/uploads\/2024\/06\/Copia-de-app-1-1024x1024.jpg\" alt=\"\" class=\"wp-image-887\" style=\"aspect-ratio:1;width:279px;height:auto\" srcset=\"https:\/\/www.loteriaeltoro.com\/blog\/wp-content\/uploads\/2024\/06\/Copia-de-app-1-1024x1024.jpg 1024w, https:\/\/www.loteriaeltoro.com\/blog\/wp-content\/uploads\/2024\/06\/Copia-de-app-1-300x300.jpg 300w, https:\/\/www.loteriaeltoro.com\/blog\/wp-content\/uploads\/2024\/06\/Copia-de-app-1-150x150.jpg 150w, https:\/\/www.loteriaeltoro.com\/blog\/wp-content\/uploads\/2024\/06\/Copia-de-app-1-768x768.jpg 768w, https:\/\/www.loteriaeltoro.com\/blog\/wp-content\/uploads\/2024\/06\/Copia-de-app-1.jpg 1080w\" sizes=\"auto, (max-width: 1024px) 100vw, 1024px\" \/><\/a><\/figure><\/div>\n\n\n<p class=\"has-text-align-center\"><strong>ULTIMAS ENTRADAS<\/strong><\/p>\n\n\n\n<div class=\"wp-block-group alignfull has-ast-global-color-4-background-color has-background\"><div class=\"wp-block-group__inner-container is-layout-flow wp-block-group-is-layout-flow\"><ul class=\"wp-block-latest-posts__list wp-block-latest-posts\"><li><a class=\"wp-block-latest-posts__post-title\" href=\"https:\/\/www.loteriaeltoro.com\/blog\/loteria-navidad-2025-anuncio-oficial-loteria-el-toro\/noticias-loterias-y-apuestas\/\">Anuncio del sorteo de la Loter\u00eda de Navidad 2025<\/a><\/li>\n<li><a class=\"wp-block-latest-posts__post-title\" href=\"https:\/\/www.loteriaeltoro.com\/blog\/loteria-del-nino-2026\/noticias-loterias-y-apuestas\/\">\u00a1Ya a la venta la Sorteo de la Loter\u00eda del Ni\u00f1o 2026!<\/a><\/li>\n<li><a class=\"wp-block-latest-posts__post-title\" href=\"https:\/\/www.loteriaeltoro.com\/blog\/curiosidades-sorteo-loteria-navidad\/noticias-loterias-y-apuestas\/\">Cinco curiosidades del Sorteo de Navidad que te sorprender\u00e1n<\/a><\/li>\n<li><a class=\"wp-block-latest-posts__post-title\" href=\"https:\/\/www.loteriaeltoro.com\/blog\/packs-loteria-navidad\/noticias-loterias-y-apuestas\/\">Packs de Loter\u00eda de Navidad: la forma m\u00e1s f\u00e1cil de compartir ilusi\u00f3n este 2025<\/a><\/li>\n<li><a class=\"wp-block-latest-posts__post-title\" href=\"https:\/\/www.loteriaeltoro.com\/blog\/primer-premio-loteria-nacional-31709-navidad-2025\/noticias-loterias-y-apuestas\/\">\u00a1La suerte vuelve a sonre\u00edrnos! Primer premio del jueves en Loter\u00eda Nacional en Loter\u00eda el Toro<\/a><\/li>\n<\/ul><\/div><\/div>\n\n\n\n<div class=\"wp-block-columns is-layout-flex wp-container-core-columns-is-layout-9d6595d7 wp-block-columns-is-layout-flex\">\n<div class=\"wp-block-column is-layout-flow wp-block-column-is-layout-flow\" style=\"flex-basis:100%\"><\/div>\n<\/div>\n\n\n\n<div class=\"wp-block-buttons is-horizontal is-content-justification-center is-layout-flex wp-container-core-buttons-is-layout-499968f5 wp-block-buttons-is-layout-flex\">\n<div class=\"wp-block-button\"><a class=\"wp-block-button__link wp-element-button\" href=\"https:\/\/www.loteriaeltoro.com\/\" target=\"_blank\" rel=\"noreferrer noopener\">Participa en los juegos de Loter\u00edas y Apuestas<\/a><\/div>\n\n\n\n<div class=\"wp-block-button is-style-fill\"><a class=\"wp-block-button__link wp-element-button\" href=\"https:\/\/www.loteriaeltoro.com\/ultimos-resultados\">\u00daltimos resultados de Loter\u00edas y Apuestas<\/a><\/div>\n<\/div>\n\n\n<div class=\"wp-block-image is-resized\">\n<figure class=\"aligncenter\"><a href=\"https:\/\/www.loteriaeltoro.com\/\"><img decoding=\"async\" src=\"https:\/\/www.loteriaeltoro.com\/blog\/wp-content\/uploads\/2021\/05\/cropped-cropped-Diseno-sin-titulo-6.jpg\" alt=\"La imagen tiene un atributo ALT vac\u00edo; su nombre de archivo es cropped-cropped-Diseno-sin-titulo-6.jpg\"\/><\/a><\/figure><\/div>\n\n<div class=\"wp-block-image is-resized\">\n<figure class=\"aligncenter\"><a href=\"https:\/\/www.loteriaeltoro.com\/registro\/\"><img decoding=\"async\" src=\"https:\/\/gestion.loteriaeltoro.com\/Web_2_0\/ImagenesLibres\/LOTERIASYAPUESTASDELESTADO.jpg\" alt=\"Registro web\"\/><\/a><\/figure><\/div>\n\n\n<h1 class=\"wp-block-heading\">\u00daNETE A NOSOTROS<\/h1>\n\n\n\n<p>Todos los encargos que haces desde esta p\u00e1gina web, los realizas&nbsp;en un entorno de m\u00e1xima seguridad y garant\u00eda.&nbsp;Somos un<strong>&nbsp;PUNTO DE VENTA OFICIAL de LOTERIAS Y APUESTAS DEL ESTADO.&nbsp;<\/strong><\/p>\n\n\n\n<p><strong><a href=\"https:\/\/www.loteriaeltoro.com\/registro\/\">REGISTRATE EN NUESTRA WEB<\/a><\/strong>, tus encargos est\u00e1n libres de gastos y comisiones. Somos una Administraci\u00f3n de Loter\u00edas&nbsp;<strong>fundada en 1981,<\/strong>&nbsp;con la experiencia que nos ofrece estar operando&nbsp;<strong>en Internet desde 1996<\/strong>.<\/p>\n\n\n<div class=\"wp-block-image is-resized\">\n<figure class=\"aligncenter\"><img decoding=\"async\" src=\"https:\/\/gestion.loteriaeltoro.com\/Web_2_0\/ImagenesLibres\/jugarSELAE.png\" alt=\"registro selae\" style=\"aspect-ratio:1;width:316px;height:auto\"\/><\/figure><\/div>\n\n\n<p>Al registrate en nuestra web encontrar\u00e1s formas exclusivas&nbsp;de participar en nuestros juegos, prueba nuestras&nbsp;<strong>JUGADAS PREMIUM, Loter\u00eda de Empresas, Juego compartido.&nbsp;<\/strong><\/p>\n\n\n\n<p>Si adem\u00e1s deseas&nbsp;<strong>jugar en la web oficial de SELAE<\/strong>, haz&nbsp;<a href=\"https:\/\/juegos.loteriasyapuestas.es\/jugar\/registro\/verificacion\/83535\">tu registro<\/a>&nbsp;desde este enlace y nos a\u00f1adir\u00e1s a nosotros como tu punto amigo y de suerte.&nbsp;<a href=\"http:\/\/juegos.loteriasyapuestas.es\/jugar\/registro\/verificacion\/83535\">Administraci\u00f3n 83535<\/a><\/p>\n\n\n<div class=\"wp-block-image is-resized\">\n<figure class=\"aligncenter\"><img decoding=\"async\" src=\"https:\/\/gestion.loteriaeltoro.com\/Web_2_0\/ImagenesLibres\/+18.png\" alt=\"\" style=\"aspect-ratio:1;width:98px;height:auto\"\/><\/figure><\/div>\n\n<div class=\"wp-block-image is-resized\">\n<figure class=\"aligncenter\"><a href=\"https:\/\/www.juegoseguro.es\/\"><img decoding=\"async\" src=\"https:\/\/gestion.loteriaeltoro.com\/Web_2_0\/ImagenesLibres\/jugarsegurokk.png\" alt=\"juego seguro\"\/><\/a><\/figure><\/div>\n\n<div class=\"wp-block-image is-resized\">\n<figure class=\"aligncenter\"><a href=\"https:\/\/www.jugarbien.es\/\"><img decoding=\"async\" src=\"https:\/\/gestion.loteriaeltoro.com\/Web_2_0\/ImagenesLibres\/logo_jugarbien.png\" alt=\"jugar bien\" style=\"aspect-ratio:2.95;width:330px;height:auto\"\/><\/a><\/figure><\/div>","protected":false},"excerpt":{"rendered":"<p>Bienvenido al blog de Loter\u00eda El Toro \u2013 Administraci\u00f3n de Loter\u00edas n\u00ba 39 de Val\u00e8ncia. Quienes somos Aqu\u00ed encontrar\u00e1s noticias, curiosidades y consejos para jugar a tus sorteos favoritos como La Primitiva, Euromillones, Bonoloto o Loter\u00eda Nacional. Somos punto de venta oficial de Loter\u00edas y Apuestas del Estado (Receptor 83535) desde 1981, con d\u00e9cadas de [&hellip;]<\/p>\n","protected":false},"author":1,"featured_media":0,"parent":0,"menu_order":0,"comment_status":"closed","ping_status":"closed","template":"","meta":{"footnotes":""},"class_list":["post-126","page","type-page","status-publish","hentry"],"yoast_head":"<!-- This site is optimized with the Yoast SEO plugin v25.1 - https:\/\/yoast.com\/wordpress\/plugins\/seo\/ -->\r\n<title>Blog de Loter\u00edas y Apuestas del Estado - Blog de Loterias y Apuestas del Estado<\/title>\r\n<meta name=\"description\" content=\"Blog de Loter\u00eda El Toro: curiosidades, consejos, estad\u00edsticas y noticias sobre Euromillones, Primitiva, Loter\u00eda Nacional, Bonoloto, Quiniela y m\u00e1s. Juega informado, juega con ilusi\u00f3n.\" \/>\r\n<meta name=\"robots\" content=\"index, follow, max-snippet:-1, max-image-preview:large, max-video-preview:-1\" \/>\r\n<link rel=\"canonical\" href=\"https:\/\/www.loteriaeltoro.com\/blog\/\" \/>\r\n<meta property=\"og:locale\" content=\"es_ES\" \/>\r\n<meta property=\"og:type\" content=\"article\" \/>\r\n<meta property=\"og:title\" content=\"Blog de Loter\u00edas y Apuestas del Estado - Blog de Loterias y Apuestas del Estado\" \/>\r\n<meta property=\"og:description\" content=\"Blog de Loter\u00eda El Toro: curiosidades, consejos, estad\u00edsticas y noticias sobre Euromillones, Primitiva, Loter\u00eda Nacional, Bonoloto, Quiniela y m\u00e1s. Juega informado, juega con ilusi\u00f3n.\" \/>\r\n<meta property=\"og:url\" content=\"https:\/\/www.loteriaeltoro.com\/blog\/\" \/>\r\n<meta property=\"og:site_name\" content=\"Blog de Loterias y Apuestas del Estado\" \/>\r\n<meta property=\"article:publisher\" content=\"http:\/\/www.facebook.com\/Loteriaeltoro\" \/>\r\n<meta property=\"article:modified_time\" content=\"2025-06-18T11:01:14+00:00\" \/>\r\n<meta property=\"og:image\" content=\"https:\/\/www.loteriaeltoro.com\/blog\/wp-content\/uploads\/2023\/02\/logo2023-1.png\" \/>\r\n<meta name=\"twitter:card\" content=\"summary_large_image\" \/>\r\n<meta name=\"twitter:label1\" content=\"Tiempo de lectura\" \/>\n\t<meta name=\"twitter:data1\" content=\"4 minutos\" \/>\r\n<script type=\"application\/ld+json\" class=\"yoast-schema-graph\">{\"@context\":\"https:\/\/schema.org\",\"@graph\":[{\"@type\":\"WebPage\",\"@id\":\"https:\/\/www.loteriaeltoro.com\/blog\/\",\"url\":\"https:\/\/www.loteriaeltoro.com\/blog\/\",\"name\":\"Blog de Loter\u00edas y Apuestas del Estado - Blog de Loterias y Apuestas del Estado\",\"isPartOf\":{\"@id\":\"https:\/\/www.loteriaeltoro.com\/blog\/#website\"},\"primaryImageOfPage\":{\"@id\":\"https:\/\/www.loteriaeltoro.com\/blog\/#primaryimage\"},\"image\":{\"@id\":\"https:\/\/www.loteriaeltoro.com\/blog\/#primaryimage\"},\"thumbnailUrl\":\"https:\/\/www.loteriaeltoro.com\/blog\/wp-content\/uploads\/2023\/02\/logo2023-1.png\",\"datePublished\":\"2021-11-13T15:58:00+00:00\",\"dateModified\":\"2025-06-18T11:01:14+00:00\",\"description\":\"Blog de Loter\u00eda El Toro: curiosidades, consejos, estad\u00edsticas y noticias sobre Euromillones, Primitiva, Loter\u00eda Nacional, Bonoloto, Quiniela y m\u00e1s. Juega informado, juega con ilusi\u00f3n.\",\"breadcrumb\":{\"@id\":\"https:\/\/www.loteriaeltoro.com\/blog\/#breadcrumb\"},\"inLanguage\":\"es\",\"potentialAction\":[{\"@type\":\"ReadAction\",\"target\":[\"https:\/\/www.loteriaeltoro.com\/blog\/\"]}]},{\"@type\":\"ImageObject\",\"inLanguage\":\"es\",\"@id\":\"https:\/\/www.loteriaeltoro.com\/blog\/#primaryimage\",\"url\":\"https:\/\/www.loteriaeltoro.com\/blog\/wp-content\/uploads\/2023\/02\/logo2023-1.png\",\"contentUrl\":\"https:\/\/www.loteriaeltoro.com\/blog\/wp-content\/uploads\/2023\/02\/logo2023-1.png\",\"width\":600,\"height\":250,\"caption\":\"loteria el toro\"},{\"@type\":\"BreadcrumbList\",\"@id\":\"https:\/\/www.loteriaeltoro.com\/blog\/#breadcrumb\",\"itemListElement\":[{\"@type\":\"ListItem\",\"position\":1,\"name\":\"Portada\",\"item\":\"https:\/\/www.loteriaeltoro.com\/blog\/\"},{\"@type\":\"ListItem\",\"position\":2,\"name\":\"Blog de Loter\u00edas y Apuestas del Estado\"}]},{\"@type\":\"WebSite\",\"@id\":\"https:\/\/www.loteriaeltoro.com\/blog\/#website\",\"url\":\"https:\/\/www.loteriaeltoro.com\/blog\/\",\"name\":\"Blog de Loterias y Apuestas del Estado\",\"description\":\"Noticias del mundo de Loter\u00edas y Apuestas del Estado. Loter\u00eda El Toro\",\"publisher\":{\"@id\":\"https:\/\/www.loteriaeltoro.com\/blog\/#organization\"},\"potentialAction\":[{\"@type\":\"SearchAction\",\"target\":{\"@type\":\"EntryPoint\",\"urlTemplate\":\"https:\/\/www.loteriaeltoro.com\/blog\/?s={search_term_string}\"},\"query-input\":{\"@type\":\"PropertyValueSpecification\",\"valueRequired\":true,\"valueName\":\"search_term_string\"}}],\"inLanguage\":\"es\"},{\"@type\":\"Organization\",\"@id\":\"https:\/\/www.loteriaeltoro.com\/blog\/#organization\",\"name\":\"Blog de Loterias y Apuestas del Estado. Loter\u00eda el Toro\",\"url\":\"https:\/\/www.loteriaeltoro.com\/blog\/\",\"logo\":{\"@type\":\"ImageObject\",\"inLanguage\":\"es\",\"@id\":\"https:\/\/www.loteriaeltoro.com\/blog\/#\/schema\/logo\/image\/\",\"url\":\"https:\/\/www.loteriaeltoro.com\/blog\/wp-content\/uploads\/2025\/05\/registrolae.jpg\",\"contentUrl\":\"https:\/\/www.loteriaeltoro.com\/blog\/wp-content\/uploads\/2025\/05\/registrolae.jpg\",\"width\":2100,\"height\":1200,\"caption\":\"Blog de Loterias y Apuestas del Estado. Loter\u00eda el Toro\"},\"image\":{\"@id\":\"https:\/\/www.loteriaeltoro.com\/blog\/#\/schema\/logo\/image\/\"},\"sameAs\":[\"http:\/\/www.facebook.com\/Loteriaeltoro\",\"https:\/\/www.instagram.com\/loteriaeltoro\/\"]}]}<\/script>\r\n<!-- \/ Yoast SEO plugin. -->","yoast_head_json":{"title":"Blog de Loter\u00edas y Apuestas del Estado - Blog de Loterias y Apuestas del Estado","description":"Blog de Loter\u00eda El Toro: curiosidades, consejos, estad\u00edsticas y noticias sobre Euromillones, Primitiva, Loter\u00eda Nacional, Bonoloto, Quiniela y m\u00e1s. Juega informado, juega con ilusi\u00f3n.","robots":{"index":"index","follow":"follow","max-snippet":"max-snippet:-1","max-image-preview":"max-image-preview:large","max-video-preview":"max-video-preview:-1"},"canonical":"https:\/\/www.loteriaeltoro.com\/blog\/","og_locale":"es_ES","og_type":"article","og_title":"Blog de Loter\u00edas y Apuestas del Estado - Blog de Loterias y Apuestas del Estado","og_description":"Blog de Loter\u00eda El Toro: curiosidades, consejos, estad\u00edsticas y noticias sobre Euromillones, Primitiva, Loter\u00eda Nacional, Bonoloto, Quiniela y m\u00e1s. Juega informado, juega con ilusi\u00f3n.","og_url":"https:\/\/www.loteriaeltoro.com\/blog\/","og_site_name":"Blog de Loterias y Apuestas del Estado","article_publisher":"http:\/\/www.facebook.com\/Loteriaeltoro","article_modified_time":"2025-06-18T11:01:14+00:00","og_image":[{"url":"https:\/\/www.loteriaeltoro.com\/blog\/wp-content\/uploads\/2023\/02\/logo2023-1.png","type":"","width":"","height":""}],"twitter_card":"summary_large_image","twitter_misc":{"Tiempo de lectura":"4 minutos"},"schema":{"@context":"https:\/\/schema.org","@graph":[{"@type":"WebPage","@id":"https:\/\/www.loteriaeltoro.com\/blog\/","url":"https:\/\/www.loteriaeltoro.com\/blog\/","name":"Blog de Loter\u00edas y Apuestas del Estado - Blog de Loterias y Apuestas del Estado","isPartOf":{"@id":"https:\/\/www.loteriaeltoro.com\/blog\/#website"},"primaryImageOfPage":{"@id":"https:\/\/www.loteriaeltoro.com\/blog\/#primaryimage"},"image":{"@id":"https:\/\/www.loteriaeltoro.com\/blog\/#primaryimage"},"thumbnailUrl":"https:\/\/www.loteriaeltoro.com\/blog\/wp-content\/uploads\/2023\/02\/logo2023-1.png","datePublished":"2021-11-13T15:58:00+00:00","dateModified":"2025-06-18T11:01:14+00:00","description":"Blog de Loter\u00eda El Toro: curiosidades, consejos, estad\u00edsticas y noticias sobre Euromillones, Primitiva, Loter\u00eda Nacional, Bonoloto, Quiniela y m\u00e1s. Juega informado, juega con ilusi\u00f3n.","breadcrumb":{"@id":"https:\/\/www.loteriaeltoro.com\/blog\/#breadcrumb"},"inLanguage":"es","potentialAction":[{"@type":"ReadAction","target":["https:\/\/www.loteriaeltoro.com\/blog\/"]}]},{"@type":"ImageObject","inLanguage":"es","@id":"https:\/\/www.loteriaeltoro.com\/blog\/#primaryimage","url":"https:\/\/www.loteriaeltoro.com\/blog\/wp-content\/uploads\/2023\/02\/logo2023-1.png","contentUrl":"https:\/\/www.loteriaeltoro.com\/blog\/wp-content\/uploads\/2023\/02\/logo2023-1.png","width":600,"height":250,"caption":"loteria el toro"},{"@type":"BreadcrumbList","@id":"https:\/\/www.loteriaeltoro.com\/blog\/#breadcrumb","itemListElement":[{"@type":"ListItem","position":1,"name":"Portada","item":"https:\/\/www.loteriaeltoro.com\/blog\/"},{"@type":"ListItem","position":2,"name":"Blog de Loter\u00edas y Apuestas del Estado"}]},{"@type":"WebSite","@id":"https:\/\/www.loteriaeltoro.com\/blog\/#website","url":"https:\/\/www.loteriaeltoro.com\/blog\/","name":"Blog de Loterias y Apuestas del Estado","description":"Noticias del mundo de Loter\u00edas y Apuestas del Estado. Loter\u00eda El Toro","publisher":{"@id":"https:\/\/www.loteriaeltoro.com\/blog\/#organization"},"potentialAction":[{"@type":"SearchAction","target":{"@type":"EntryPoint","urlTemplate":"https:\/\/www.loteriaeltoro.com\/blog\/?s={search_term_string}"},"query-input":{"@type":"PropertyValueSpecification","valueRequired":true,"valueName":"search_term_string"}}],"inLanguage":"es"},{"@type":"Organization","@id":"https:\/\/www.loteriaeltoro.com\/blog\/#organization","name":"Blog de Loterias y Apuestas del Estado. Loter\u00eda el Toro","url":"https:\/\/www.loteriaeltoro.com\/blog\/","logo":{"@type":"ImageObject","inLanguage":"es","@id":"https:\/\/www.loteriaeltoro.com\/blog\/#\/schema\/logo\/image\/","url":"https:\/\/www.loteriaeltoro.com\/blog\/wp-content\/uploads\/2025\/05\/registrolae.jpg","contentUrl":"https:\/\/www.loteriaeltoro.com\/blog\/wp-content\/uploads\/2025\/05\/registrolae.jpg","width":2100,"height":1200,"caption":"Blog de Loterias y Apuestas del Estado. Loter\u00eda el Toro"},"image":{"@id":"https:\/\/www.loteriaeltoro.com\/blog\/#\/schema\/logo\/image\/"},"sameAs":["http:\/\/www.facebook.com\/Loteriaeltoro","https:\/\/www.instagram.com\/loteriaeltoro\/"]}]}},"_links":{"self":[{"href":"https:\/\/www.loteriaeltoro.com\/blog\/wp-json\/wp\/v2\/pages\/126","targetHints":{"allow":["GET"]}}],"collection":[{"href":"https:\/\/www.loteriaeltoro.com\/blog\/wp-json\/wp\/v2\/pages"}],"about":[{"href":"https:\/\/www.loteriaeltoro.com\/blog\/wp-json\/wp\/v2\/types\/page"}],"author":[{"embeddable":true,"href":"https:\/\/www.loteriaeltoro.com\/blog\/wp-json\/wp\/v2\/users\/1"}],"replies":[{"embeddable":true,"href":"https:\/\/www.loteriaeltoro.com\/blog\/wp-json\/wp\/v2\/comments?post=126"}],"version-history":[{"count":23,"href":"https:\/\/www.loteriaeltoro.com\/blog\/wp-json\/wp\/v2\/pages\/126\/revisions"}],"predecessor-version":[{"id":1048,"href":"https:\/\/www.loteriaeltoro.com\/blog\/wp-json\/wp\/v2\/pages\/126\/revisions\/1048"}],"wp:attachment":[{"href":"https:\/\/www.loteriaeltoro.com\/blog\/wp-json\/wp\/v2\/media?parent=126"}],"curies":[{"name":"wp","href":"https:\/\/api.w.org\/{rel}","templated":true}]}}